{"id":1235,"date":"2022-11-15T09:23:52","date_gmt":"2022-11-15T08:23:52","guid":{"rendered":"https:\/\/amedi-wp.localhost:8143\/?page_id=1235"},"modified":"2025-03-17T09:06:43","modified_gmt":"2025-03-17T08:06:43","slug":"casopisy","status":"publish","type":"page","link":"https:\/\/www.amedi.sk\/?page_id=1235","title":{"rendered":"\u010casopisy"},"content":{"rendered":"<p>[magazine_list sort_by=&#8220;position&#8220;]<\/p>\n\n\n\n<p><\/p>\n\n\n\n<p><ul> <li>\u010casopisy s\u00fa prakticky zameran\u00e9, preferuj\u00fa a podporuj\u00fa publik\u00e1cie renomovan\u00fdch slovensk\u00fdch a zahrani\u010dn\u00fdch odborn\u00edkov.<\/li><li>Vybran\u00e9 \u010dasopisy s\u00fa distribuovan\u00e9 v\u0161etk\u00fdm predplatite\u013eom a vybran\u00fdm \u010dlenom lek\u00e1rskych spolo\u010dnost\u00ed a kom\u00f4r.<\/li><li>\u010cas\u0165 n\u00e1kladu je k dispoz\u00edcii pre n\u00e1v\u0161tevn\u00edkov a vystavovate\u013eov ako s\u00fa\u010das\u0165 materi\u00e1lov na odborne zameran\u00fdch konferenci\u00e1ch, kongresoch a semin\u00e1roch.<\/li><li>A-medi management je partnerom najnav\u0161tevovanej\u0161\u00edch slovensk\u00fdch aj medzin\u00e1rodn\u00fdch odborn\u00fdch podujat\u00ed v SR.<br>Distrib\u00faciou \u010dasopisov na podujatiach narast\u00e1 z\u00e1ujem o tieto periodik\u00e1 medzi odborn\u00edkmi.<\/li> <\/ul><\/p>\n\n\n\n<p>Vo v\u0161etk\u00fdch \u010dasopisoch s\u00fa uverej\u0148ovan\u00e9 autodidaktick\u00e9 testy akreditovan\u00e9 Slovenskou lek\u00e1rskou komorou (SLK). \u010casopisy s\u00fa prakticky zameran\u00e9, preferuj\u00fa a podporuj\u00fa publik\u00e1cie renomovan\u00fdch slovensk\u00fdch a zahrani\u010dn\u00fdch odborn\u00edkov.<\/p>\n","protected":false},"excerpt":{"rendered":"[magazine_list sort_by=\"position\"] \u010casopisy s\u00fa prakticky zameran\u00e9, preferuj\u00fa a podporuj\u00fa publik\u00e1cie renomovan\u00fdch slovensk\u00fdch a zahrani\u010dn\u00fdch odborn\u00edkov.Vybran\u00e9&hellip;","protected":false},"author":40176,"featured_media":0,"parent":0,"menu_order":0,"comment_status":"closed","ping_status":"closed","template":"","meta":{"_lmt_disableupdate":"","_lmt_disable":"","footnotes":""},"class_list":["post-1235","page","type-page","status-publish","hentry"],"_links":{"self":[{"href":"https:\/\/www.amedi.sk\/index.php?rest_route=\/wp\/v2\/pages\/1235","targetHints":{"allow":["GET"]}}],"collection":[{"href":"https:\/\/www.amedi.sk\/index.php?rest_route=\/wp\/v2\/pages"}],"about":[{"href":"https:\/\/www.amedi.sk\/index.php?rest_route=\/wp\/v2\/types\/page"}],"author":[{"embeddable":true,"href":"https:\/\/www.amedi.sk\/index.php?rest_route=\/wp\/v2\/users\/40176"}],"replies":[{"embeddable":true,"href":"https:\/\/www.amedi.sk\/index.php?rest_route=%2Fwp%2Fv2%2Fcomments&post=1235"}],"version-history":[{"count":2,"href":"https:\/\/www.amedi.sk\/index.php?rest_route=\/wp\/v2\/pages\/1235\/revisions"}],"predecessor-version":[{"id":1574,"href":"https:\/\/www.amedi.sk\/index.php?rest_route=\/wp\/v2\/pages\/1235\/revisions\/1574"}],"wp:attachment":[{"href":"https:\/\/www.amedi.sk\/index.php?rest_route=%2Fwp%2Fv2%2Fmedia&parent=1235"}],"curies":[{"name":"wp","href":"https:\/\/api.w.org\/{rel}","templated":true}]}}