{"id":1278,"date":"2022-11-18T14:25:11","date_gmt":"2022-11-18T13:25:11","guid":{"rendered":"https:\/\/amedi-wp.localhost:8143\/?page_id=1278"},"modified":"2023-02-26T13:59:18","modified_gmt":"2023-02-26T12:59:18","slug":"fakturacne-udaje","status":"publish","type":"page","link":"https:\/\/www.amedi.sk\/?page_id=1278","title":{"rendered":"Faktura\u010dn\u00e9 \u00fadaje"},"content":{"rendered":"<div class=\"wpb-content-wrapper\"><div class=\"vc_row wpb_row vc_row-fluid vc_custom_1677416354524 vc_row-has-fill\"><div class=\"wpb_column vc_column_container vc_col-sm-12\"><div class=\"vc_column-inner\"><div class=\"wpb_wrapper\">\n\t<div class=\"wpb_text_column wpb_content_element\" >\n\t\t<div class=\"wpb_wrapper\">\n\t\t\t<h5><strong>A-medi management, s.r.o.<\/strong><\/h5>\n<p>S\u00eddlo spolo\u010dnosti:<br \/>\n<strong>Jaro\u0161ova 1, 831 03 Bratislava<br \/>\nE-mail: amedi@amedi.sk<\/strong><\/p>\n<p>I\u010cO: 44057717<br \/>\nDI\u010c: 2022572442<br \/>\nI\u010c-DPH: SK2022572442<\/p>\n<p>Bankov\u00e9 spojenie: Unicredit Bank Czech Republic and Slovakia, a.s. pobo\u010dka zahr. banky<br \/>\nIBAN: SK11 1111 0000 0010 2685 2003<br \/>\nSWIFT (BIC): UNCRSKBX<\/p>\n\n\t\t<\/div>\n\t<\/div>\n<\/div><\/div><\/div><\/div>\n<\/div>","protected":false},"excerpt":{"rendered":"A-medi management, s.r.o. S\u00eddlo spolo\u010dnosti: Jaro\u0161ova 1, 831 03 Bratislava E-mail: amedi@amedi.sk I\u010cO: 44057717 DI\u010c:&hellip;","protected":false},"author":40176,"featured_media":0,"parent":0,"menu_order":0,"comment_status":"closed","ping_status":"closed","template":"","meta":{"_lmt_disableupdate":"","_lmt_disable":"","footnotes":""},"class_list":["post-1278","page","type-page","status-publish","hentry"],"_links":{"self":[{"href":"https:\/\/www.amedi.sk\/index.php?rest_route=\/wp\/v2\/pages\/1278","targetHints":{"allow":["GET"]}}],"collection":[{"href":"https:\/\/www.amedi.sk\/index.php?rest_route=\/wp\/v2\/pages"}],"about":[{"href":"https:\/\/www.amedi.sk\/index.php?rest_route=\/wp\/v2\/types\/page"}],"author":[{"embeddable":true,"href":"https:\/\/www.amedi.sk\/index.php?rest_route=\/wp\/v2\/users\/40176"}],"replies":[{"embeddable":true,"href":"https:\/\/www.amedi.sk\/index.php?rest_route=%2Fwp%2Fv2%2Fcomments&post=1278"}],"version-history":[{"count":5,"href":"https:\/\/www.amedi.sk\/index.php?rest_route=\/wp\/v2\/pages\/1278\/revisions"}],"predecessor-version":[{"id":1589,"href":"https:\/\/www.amedi.sk\/index.php?rest_route=\/wp\/v2\/pages\/1278\/revisions\/1589"}],"wp:attachment":[{"href":"https:\/\/www.amedi.sk\/index.php?rest_route=%2Fwp%2Fv2%2Fmedia&parent=1278"}],"curies":[{"name":"wp","href":"https:\/\/api.w.org\/{rel}","templated":true}]}}