{"id":2186,"date":"2025-11-19T11:46:06","date_gmt":"2025-11-19T10:46:06","guid":{"rendered":"https:\/\/www.amedi.sk\/?page_id=2186"},"modified":"2025-11-20T11:15:46","modified_gmt":"2025-11-20T10:15:46","slug":"manazment-zdravia-seniorov","status":"publish","type":"page","link":"https:\/\/www.amedi.sk\/?page_id=2186","title":{"rendered":"Mana\u017ement zdravia seniorov"},"content":{"rendered":"<div class=\"wpb-content-wrapper\"><div class=\"vc_row wpb_row vc_row-fluid\"><div class=\"wpb_column vc_column_container vc_col-sm-12\"><div class=\"vc_column-inner\"><div class=\"wpb_wrapper\">\n\t<div class=\"wpb_text_column wpb_content_element\" >\n\t\t<div class=\"wpb_wrapper\">\n\t\t\t<p><strong>Bratislava, 10. j\u00fana 2025 \u2013<\/strong> Priestor <strong>KORZO caf\u00e9 &amp; restaurant<\/strong> na Hviezdoslavovom n\u00e1mest\u00ed pon\u00fakol pr\u00edjemn\u00fa atmosf\u00e9ru vzdel\u00e1vania, prevencie a\u00a0akt\u00edvneho \u017eivotn\u00e9ho \u0161t\u00fdlu. V\u00a0r\u00e1mci 3. ro\u010dn\u00edka <strong>T\u00fd\u017ed\u0148a prevencie<\/strong> sa tu konalo podujatie ur\u010den\u00e9 najm\u00e4 seniorom, ktor\u00ed mali mo\u017enos\u0165 z\u00edska\u0165 nov\u00e9 poznatky od popredn\u00fdch odborn\u00edkov, vysk\u00fa\u0161a\u0165 si praktick\u00e9 aktivity a zisti\u0165, ako sa efekt\u00edvne stara\u0165 o zdravie aj vo vy\u0161\u0161om veku. T\u00fd\u017ede\u0148 prevencie na Hviezdoslavovom n\u00e1mest\u00ed potvrdil, \u017ee seniori maj\u00fa ve\u013ek\u00fd z\u00e1ujem o\u00a0zdrav\u00fd \u017eivotn\u00fd \u0161t\u00fdl, nov\u00e9 poznatky aj spolo\u010dn\u00e9 aktivity.<\/p>\n\n\t\t<\/div>\n\t<\/div>\n<\/div><\/div><\/div><\/div><div class=\"vc_row wpb_row vc_row-fluid\"><div class=\"wpb_column vc_column_container vc_col-sm-4\"><div class=\"vc_column-inner\"><div class=\"wpb_wrapper\">\n\t<div class=\"wpb_text_column wpb_content_element\" >\n\t\t<div class=\"wpb_wrapper\">\n\t\t\t<h2><strong>Predn\u00e1\u0161ky, ktor\u00e9 zaujali a priniesli nov\u00e9 poh\u013eady<\/strong><\/h2>\n<p>Program otvorila <strong>MUDr. Adriana \u0160imkov\u00e1, PhD.<\/strong>, ktor\u00e1 v predn\u00e1\u0161ke <em>Seniori a prim\u00e1rna starostlivos\u0165<\/em> pribl\u00ed\u017eila d\u00f4le\u017eitos\u0165 pravideln\u00fdch prevent\u00edvnych prehliadok a v\u010dasn\u00e9ho zachytenia zdravotn\u00fdch probl\u00e9mov.<\/p>\n<p>Na t\u00e9mu civiliza\u010dn\u00fdch ochoren\u00ed nadviazal <strong>doc. MUDr. Peter Jackuliak, PhD., MPH, FEFIM<\/strong>, ktor\u00fd upozornil, \u017ee <em>\u201ecukrovka zhor\u0161uje progn\u00f3zu aj u seniorov\u201c<\/em> a zd\u00f4raznil v\u00fdznam spr\u00e1vne nastavenej lie\u010dby a \u017eivotn\u00e9ho \u0161t\u00fdlu.<\/p>\n<p>Po \u0148om sa op\u00e4\u0165 ujala slova <strong>MUDr. Adriana \u0160imkov\u00e1, PhD.<\/strong>, tentokr\u00e1t s predn\u00e1\u0161kou <em>\u201eVekom bli\u017e\u0161ie k hypertenzii \u2013 pripravme sa\u201c<\/em>, v ktorej vysvetlila, pre\u010do je vysok\u00fd krvn\u00fd tlak u seniorov \u010dast\u00fd a ako mu mo\u017eno predch\u00e1dza\u0165.<\/p>\n<p>Ve\u013ek\u00fd z\u00e1ujem vzbudila aj predn\u00e1\u0161ka <strong>Mgr. Simony Krakovskej, PhD.<\/strong>, o tom, ako rozpozna\u0165 <em>v\u010dasn\u00e9 zmeny v kognit\u00edvnych funkci\u00e1ch<\/em> a \u010do robi\u0165 pre udr\u017eanie zdrav\u00e9ho mozgu v zrelom veku.<\/p>\n<p>Podujatie uzavrel <strong>doc. MUDr. \u0160tefan La\u0161\u0161\u00e1n, PhD., MPH<\/strong>, ktor\u00fd hovoril o <em>respira\u010dn\u00fdch ochoreniach u seniorov<\/em> a\u00a0o mo\u017enostiach ich prevencie najm\u00e4 po\u010das sez\u00f3nnych riz\u00edk.<\/p>\n\n\t\t<\/div>\n\t<\/div>\n<\/div><\/div><\/div><div class=\"wpb_column vc_column_container vc_col-sm-4\"><div class=\"vc_column-inner\"><div class=\"wpb_wrapper\">\n\t<div class=\"wpb_text_column wpb_content_element\" >\n\t\t<div class=\"wpb_wrapper\">\n\t\t\t<h2><strong>Praktick\u00e9 aktivity: od prevencie p\u00e1dov po Nordic Walking<\/strong><\/h2>\n<p>S\u00fa\u010das\u0165ou podujatia boli aj aktivity zameran\u00e9 na praktick\u00fa prevenciu a podporu zdravia:<\/p>\n<ul>\n<li><a href=\"https:\/\/www.centrummemory.sk\/\"><strong>Centrum MEMORY<\/strong><\/a> poskytovalo inform\u00e1cie o diagnostike, lie\u010dbe a vzdel\u00e1van\u00ed v oblasti por\u00fach pam\u00e4ti a demencie.<\/li>\n<li>Seniori si mohli vysk\u00fa\u0161a\u0165 <strong>trena\u017e\u00e9r ch\u00f4dze<\/strong>, ktor\u00fd pom\u00e1ha pri prevencii p\u00e1dov a zlep\u0161uje stabilitu \u2013 zabezpe\u010dila ho spolo\u010dnos\u0165 <a href=\"https:\/\/medcorpslovakia.sk\/\"><strong>Medcorp Slovakia<\/strong><\/a>.<\/li>\n<li>Na viacer\u00fdch stanovi\u0161tiach prebiehalo <strong>meranie krvn\u00e9ho tlaku, \u017eilov\u00e9ho tonusu a BMI<\/strong>, \u010do mnoh\u00fdm \u00fa\u010dastn\u00edkom poskytlo cenn\u00fa sp\u00e4tn\u00fa v\u00e4zbu o ich zdravotnom stave \u2013 meranie zabezpe\u010dila <a href=\"https:\/\/servier.sk\/\"><strong>Servier Slovensko<\/strong><\/a>.<\/li>\n<li>Z\u00e1ujem vzbudila aj uk\u00e1\u017eka <strong>Nordic Walkingu<\/strong>, pri ktorej si n\u00e1v\u0161tevn\u00edci mohli vysk\u00fa\u0161a\u0165 seversk\u00fa ch\u00f4dzu s pali\u010dkami pod veden\u00edm odborn\u00edkov. Pom\u00f4cky a\u00a0in\u0161trukt\u00e1\u017e pre seniorov zabezpe\u010dila <a href=\"https:\/\/sfnw.sk\/\"><strong>\u0160portov\u00e1 feder\u00e1cia Nordic Walking<\/strong><\/a>.<\/li>\n<\/ul>\n\n\t\t<\/div>\n\t<\/div>\n<\/div><\/div><\/div><div class=\"wpb_column vc_column_container vc_col-sm-4\"><div class=\"vc_column-inner\"><div class=\"wpb_wrapper\">\n\t<div class=\"wpb_text_column wpb_content_element vc_custom_1763633615793\" >\n\t\t<div class=\"wpb_wrapper\">\n\t\t\t<h2><strong>Aktivity organizovan\u00e9 po\u010das T\u00fd\u017ed\u0148a prevencie 2025<\/strong><\/h2>\n<ul>\n<li><strong>Podujatie Mana\u017ement zdravia seniorov<\/strong>, ktor\u00e9ho cie\u013eom bolo informova\u0165 seniorov o d\u00f4le\u017eitosti prevencie a akt\u00edvneho \u017eivotn\u00e9ho \u0161t\u00fdlu.<\/li>\n<\/ul>\n<ul>\n<li><a href=\"https:\/\/events.amedi.sk\/sk\/podujatie\/724\/page\/11108\"><strong>Tla\u010dov\u00e1 konferencia<\/strong><\/a><\/li>\n<\/ul>\n<ul>\n<li><a href=\"https:\/\/events.amedi.sk\/sk\/podujatie\/732\/page\/11158\"><strong>Webin\u00e1r<\/strong>\u00a0<\/a>pre lek\u00e1rov zameran\u00fd na starostlivos\u0165 o zdravie seniorov \u2013 zah\u0155\u0148a prevenciu vr\u00e1tane screeningu z\u00e1va\u017en\u00fdch ochoren\u00ed (diabetes, CKD, hypertenzia), ich diagnostiku a v\u010dasn\u00fa lie\u010dbu.<\/li>\n<li><a href=\"https:\/\/events.amedi.sk\/uploads\/media\/default\/0001\/31\/f83bde26e7a071b90db6343b9341534534133110.pdf\"><strong>Plag\u00e1t<\/strong>\u00a0<\/a>\u010co je potravinov\u00e1 pyram\u00edda?<\/li>\n<\/ul>\n\n\t\t<\/div>\n\t<\/div>\n<\/div><\/div><\/div><\/div>\n<\/div>","protected":false},"excerpt":{"rendered":"Bratislava, 10. j\u00fana 2025 \u2013 Priestor KORZO caf\u00e9 &amp; restaurant na Hviezdoslavovom n\u00e1mest\u00ed pon\u00fakol pr\u00edjemn\u00fa&hellip;","protected":false},"author":22256,"featured_media":2205,"parent":0,"menu_order":0,"comment_status":"closed","ping_status":"closed","template":"","meta":{"_lmt_disableupdate":"no","_lmt_disable":"","footnotes":""},"class_list":["post-2186","page","type-page","status-publish","has-post-thumbnail","hentry"],"_links":{"self":[{"href":"https:\/\/www.amedi.sk\/index.php?rest_route=\/wp\/v2\/pages\/2186","targetHints":{"allow":["GET"]}}],"collection":[{"href":"https:\/\/www.amedi.sk\/index.php?rest_route=\/wp\/v2\/pages"}],"about":[{"href":"https:\/\/www.amedi.sk\/index.php?rest_route=\/wp\/v2\/types\/page"}],"author":[{"embeddable":true,"href":"https:\/\/www.amedi.sk\/index.php?rest_route=\/wp\/v2\/users\/22256"}],"replies":[{"embeddable":true,"href":"https:\/\/www.amedi.sk\/index.php?rest_route=%2Fwp%2Fv2%2Fcomments&post=2186"}],"version-history":[{"count":10,"href":"https:\/\/www.amedi.sk\/index.php?rest_route=\/wp\/v2\/pages\/2186\/revisions"}],"predecessor-version":[{"id":2207,"href":"https:\/\/www.amedi.sk\/index.php?rest_route=\/wp\/v2\/pages\/2186\/revisions\/2207"}],"wp:featuredmedia":[{"embeddable":true,"href":"https:\/\/www.amedi.sk\/index.php?rest_route=\/wp\/v2\/media\/2205"}],"wp:attachment":[{"href":"https:\/\/www.amedi.sk\/index.php?rest_route=%2Fwp%2Fv2%2Fmedia&parent=2186"}],"curies":[{"name":"wp","href":"https:\/\/api.w.org\/{rel}","templated":true}]}}