{"id":2279,"date":"2026-04-27T08:26:00","date_gmt":"2026-04-27T06:26:00","guid":{"rendered":"https:\/\/www.amedi.sk\/?page_id=2279"},"modified":"2026-04-27T09:37:04","modified_gmt":"2026-04-27T07:37:04","slug":"silne-oblicky-kampan-upozornila-na-tiche-rizika-choroby-obliciek","status":"publish","type":"page","link":"https:\/\/www.amedi.sk\/?page_id=2279","title":{"rendered":"Kampa\u0148 Siln\u00e9 obli\u010dky upozor\u0148uje na tich\u00e9 riziko"},"content":{"rendered":"<div class=\"wpb-content-wrapper\"><div class=\"vc_row wpb_row vc_row-fluid\"><div class=\"wpb_column vc_column_container vc_col-sm-12\"><div class=\"vc_column-inner\"><div class=\"wpb_wrapper\">\n\t<div class=\"wpb_text_column wpb_content_element\" >\n\t\t<div class=\"wpb_wrapper\">\n\t\t\t<p>Pri pr\u00edle\u017eitosti Svetov\u00e9ho d\u0148a obli\u010diek sa 11. marca 2026 v\u00a0Bratislave uskuto\u010dnila tla\u010dov\u00e1 konferencia kampane <strong>Siln\u00e9 obli\u010dky<\/strong>, ktor\u00e1 upriamila pozornos\u0165 na v\u00fdznam prevencie, v\u010dasn\u00e9ho z\u00e1chytu a\u00a0osvety v oblasti chronickej choroby obli\u010diek. Odborn\u00edci upozornili, \u017ee ochorenia obli\u010diek \u010dasto prebiehaj\u00fa bez pr\u00edznakov, a preto zost\u00e1vaj\u00fa dlho nepov\u0161imnut\u00e9, hoci v\u00fdrazne zvy\u0161uj\u00fa riziko infarktu, srdcov\u00e9ho zlyh\u00e1vania \u010di cievnej mozgovej pr\u00edhody. Na Slovensku pritom s\u00a0chronickou chorobou obli\u010diek \u017eije pribli\u017ene 500 000 dospel\u00fdch a 26 000 det\u00ed, pri\u010dom a\u017e 9 z 10 pacientov o\u00a0svojom ochoren\u00ed nevie.<\/p>\n\n\t\t<\/div>\n\t<\/div>\n<\/div><\/div><\/div><\/div><div class=\"vc_row wpb_row vc_row-fluid\"><div class=\"wpb_column vc_column_container vc_col-sm-4\"><div class=\"vc_column-inner\"><div class=\"wpb_wrapper\">\n\t<div class=\"wpb_text_column wpb_content_element\" >\n\t\t<div class=\"wpb_wrapper\">\n\t\t\t<p>Na tla\u010dovej konferencii vyst\u00fapili lek\u00e1ri z Transplanta\u010dno-nefrologick\u00e9ho oddelenia Univerzitnej nemocnice Martin \u2013 <strong>prof. MUDr. Ivana Dedinsk\u00e1, PhD., MHA, FERA, MUDr. Karol Gra\u0148\u00e1k, PhD., MUDr. Patr\u00edcia Kleinov\u00e1<\/strong> \u2013 a <strong>MUDr. Jana Kal\u00e1tov\u00e1<\/strong>. Program sa venoval tomu, \u010do by mal pacient vedie\u0165 o chronickej chorobe obli\u010diek, v\u00fdznamu iniciat\u00edvy <strong>Siln\u00e9 obli\u010dky<\/strong>, skr\u00edningu v\u0161eobecnej popul\u00e1cie aj aktivit\u00e1m pri pr\u00edle\u017eitosti Svetov\u00e9ho d\u0148a obli\u010diek v dialyza\u010dn\u00fdch centr\u00e1ch B. Braun. Kampa\u0148 z\u00e1rove\u0148 prebehla pod z\u00e1\u0161titou <a href=\"https:\/\/www.era-online.org\/\"><strong>Eur\u00f3pskej ren\u00e1lnej asoci\u00e1cie (ERA)<\/strong><\/a> v\u00a0spolupr\u00e1ci s n\u00e1rodn\u00fdmi nefrologick\u00fdmi spolo\u010dnos\u0165ami vr\u00e1tane <strong>Slovenskej nefrologickej spolo\u010dnosti<\/strong>.<\/p>\n\n\t\t<\/div>\n\t<\/div>\n\n\t<div class=\"wpb_text_column wpb_content_element vc_custom_1777275365944\" >\n\t\t<div class=\"wpb_wrapper\">\n\t\t\t<h2><strong>Po\u010das vy\u0161etrenia verejnos\u0165 absolvovala:<\/strong><\/h2>\n<ul>\n<li>meranie krvn\u00e9ho tlaku,<\/li>\n<li>vy\u0161etrenie glyk\u00e9mie,<\/li>\n<li>vy\u0161etrenie glomerul\u00e1rnej filtr\u00e1cie a kreatin\u00ednu,<\/li>\n<li>vy\u0161etrenie cholesterolu,<\/li>\n<li>vy\u0161etrenie mo\u010du na album\u00edn.<\/li>\n<\/ul>\n\n\t\t<\/div>\n\t<\/div>\n<\/div><\/div><\/div><div class=\"wpb_column vc_column_container vc_col-sm-4\"><div class=\"vc_column-inner\"><div class=\"wpb_wrapper\">\n\t<div class=\"wpb_text_column wpb_content_element\" >\n\t\t<div class=\"wpb_wrapper\">\n\t\t\t<h2><strong>Pilotn\u00fd skr\u00edning v Martine\u00a0<\/strong><\/h2>\n<p>Na odborn\u00e9 posolstvo kampane nadviazal aj bezplatn\u00fd pilotn\u00fd skr\u00edning pre verejnos\u0165, ktor\u00fd sa uskuto\u010dnil <strong>23. marca 2026 v n\u00e1kupnom centre Gal\u00e9ria v Martine<\/strong>. Z\u00e1ujemcovia mohli absolvova\u0165 vy\u0161etrenie piatich k\u013e\u00fa\u010dov\u00fdch parametrov a vyplni\u0165 kr\u00e1tky dotazn\u00edk na orienta\u010dn\u00e9 pos\u00fadenie zdravia obli\u010diek.<\/p>\n<p>Do skr\u00edningu sa zapojilo <strong>161 \u00fa\u010dastn\u00edkov<\/strong> a v\u00fdsledky potvrdili, ak\u00fd d\u00f4le\u017eit\u00fd je v\u010dasn\u00fd z\u00e1chyt ochorenia. \u010eal\u0161ie nefrologick\u00e9 vy\u0161etrenie bolo indikovan\u00e9 u <strong>73 % \u00fa\u010dastn\u00edkov<\/strong>. V\u010faka skr\u00edningu sa tak podarilo identifikova\u0165 rizikov\u00e9 pr\u00edpady a upozorni\u0165 na potrebu \u010fal\u0161ieho odborn\u00e9ho vy\u0161etrenia aj v\u010dasn\u00e9ho za\u010datia lie\u010dby.<\/p>\n<p>Skr\u00edning v Martine zabezpe\u010dovali nefrol\u00f3govia z Univerzitnej nemocnice Martin a \u0161tudenti Jesseniovej lek\u00e1rskej fakulty UK v Martine.<\/p>\n\n\t\t<\/div>\n\t<\/div>\n<\/div><\/div><\/div><div class=\"wpb_column vc_column_container vc_col-sm-4\"><div class=\"vc_column-inner\"><div class=\"wpb_wrapper\">\n\t<div class=\"wpb_text_column wpb_content_element vc_custom_1777271628076\" >\n\t\t<div class=\"wpb_wrapper\">\n\t\t\t<h2><strong>Kampa\u0148 zaznamenala aj v\u00fdrazn\u00fd medi\u00e1lny ohlas<\/strong><\/h2>\n<p>T\u00e9ma zdravia obli\u010diek rezonovala aj v m\u00e9di\u00e1ch. Kampa\u0148 <strong>Siln\u00e9 obli\u010dky<\/strong> zaznamenala v\u00fdrazn\u00fd medi\u00e1lny ohlas v telev\u00edzii, rozhlase, tla\u010dov\u00fdch agent\u00farach, online m\u00e9di\u00e1ch, odborn\u00fdch tituloch aj partnersk\u00fdch komunika\u010dn\u00fdch kan\u00e1loch. Medzi nimi boli <strong>napr\u00edklad TV JOJ, STVR, tvdoktor.sk, R\u00e1dio Regina, TASR, SITA, TVnoviny.sk, Medicina.trend.sk, Pravda, Pluska, \u010cas, Dnes24<\/strong> a\u00a0port\u00e1l <strong>Najmama.sk<\/strong>.<\/p>\n<p><a href=\"https:\/\/events.amedi.sk\/sk\/podujatie\/773\/page\/11483\"><strong>Medi\u00e1lne v\u00fdstupy<\/strong><\/a><\/p>\n<p><a href=\"https:\/\/events.amedi.sk\/sk\/podujatie\/773\/page\/11438\"><strong>Fotogal\u00e9ria<\/strong><\/a><\/p>\n\n\t\t<\/div>\n\t<\/div>\n<\/div><\/div><\/div><\/div>\n<\/div>","protected":false},"excerpt":{"rendered":"Pri pr\u00edle\u017eitosti Svetov\u00e9ho d\u0148a obli\u010diek sa 11. marca 2026 v\u00a0Bratislave uskuto\u010dnila tla\u010dov\u00e1 konferencia kampane Siln\u00e9&hellip;","protected":false},"author":22256,"featured_media":2281,"parent":0,"menu_order":0,"comment_status":"closed","ping_status":"closed","template":"","meta":{"_lmt_disableupdate":"no","_lmt_disable":"","footnotes":""},"class_list":["post-2279","page","type-page","status-publish","has-post-thumbnail","hentry"],"_links":{"self":[{"href":"https:\/\/www.amedi.sk\/index.php?rest_route=\/wp\/v2\/pages\/2279","targetHints":{"allow":["GET"]}}],"collection":[{"href":"https:\/\/www.amedi.sk\/index.php?rest_route=\/wp\/v2\/pages"}],"about":[{"href":"https:\/\/www.amedi.sk\/index.php?rest_route=\/wp\/v2\/types\/page"}],"author":[{"embeddable":true,"href":"https:\/\/www.amedi.sk\/index.php?rest_route=\/wp\/v2\/users\/22256"}],"replies":[{"embeddable":true,"href":"https:\/\/www.amedi.sk\/index.php?rest_route=%2Fwp%2Fv2%2Fcomments&post=2279"}],"version-history":[{"count":14,"href":"https:\/\/www.amedi.sk\/index.php?rest_route=\/wp\/v2\/pages\/2279\/revisions"}],"predecessor-version":[{"id":2294,"href":"https:\/\/www.amedi.sk\/index.php?rest_route=\/wp\/v2\/pages\/2279\/revisions\/2294"}],"wp:featuredmedia":[{"embeddable":true,"href":"https:\/\/www.amedi.sk\/index.php?rest_route=\/wp\/v2\/media\/2281"}],"wp:attachment":[{"href":"https:\/\/www.amedi.sk\/index.php?rest_route=%2Fwp%2Fv2%2Fmedia&parent=2279"}],"curies":[{"name":"wp","href":"https:\/\/api.w.org\/{rel}","templated":true}]}}