{"id":74,"date":"2015-05-27T15:45:02","date_gmt":"2015-05-27T13:45:02","guid":{"rendered":"http:\/\/pencidesign.com\/soledad\/?page_id=74"},"modified":"2026-02-26T09:24:58","modified_gmt":"2026-02-26T08:24:58","slug":"kontakty","status":"publish","type":"page","link":"https:\/\/www.amedi.sk\/?page_id=74","title":{"rendered":"Kontakty"},"content":{"rendered":"<div class=\"wpb-content-wrapper\"><div class=\"vc_row wpb_row vc_row-fluid\"><div class=\"wpb_column vc_column_container vc_col-sm-12\"><div class=\"vc_column-inner\"><div class=\"wpb_wrapper\"><h2 style=\"color: #00aeef;text-align: center;font-family:Roboto;font-weight:700;font-style:normal\" class=\"vc_custom_heading vc_do_custom_heading vc_custom_1677060143864\" >VEDENIE SPOLO\u010cNOSTI<\/h2>\t<div id=\"pencitext_block_49568\" class=\"penci-block-vc penci-text-block \">\n\t\t\t\t<div class=\"penci-block_content\">\n\t\t\t<p class=\"has-text-align-center has-black-color has-text-color\" style=\"text-align: center;\"><img loading=\"lazy\" decoding=\"async\" class=\"wp-image-1465 aligncenter\" src=\"https:\/\/www.amedi.sk\/wp-content\/uploads\/2023\/02\/surinova.png\" sizes=\"auto, (max-width: 159px) 100vw, 159px\" srcset=\"https:\/\/www.amedi.sk\/wp-content\/uploads\/2023\/02\/surinova.png 159w, https:\/\/www.amedi.sk\/wp-content\/uploads\/2023\/02\/surinova-150x150.png 150w\" alt=\"\" width=\"159\" height=\"159\" \/><br \/>\nIng. Helena \u0160urinov\u00e1<br \/>\n<strong>RIADITE\u013dKA SPOLO\u010cNOSTI<br \/>\n<\/strong>Mobil:<a href=\"tel:0910230209\" data-type=\"tel\" data-id=\"tel:0910230209\">\u00a00910 230 209<\/a><br \/>\ne-mail:\u00a0<a href=\"mailto:surinova@amedi.sk\">surinova@amedi.sk<\/a><\/p>\n\t\t<\/div>\n\t<\/div>\n<style>@media only screen and (min-width:768px) and (max-width:1169px){}@media only screen and (max-width:767px){}<\/style><h2 style=\"color: #00aeef;text-align: center;font-family:Roboto;font-weight:700;font-style:normal\" class=\"vc_custom_heading vc_do_custom_heading vc_custom_1677060165875\" >OBCHODN\u00c9 ODDELENIE<\/h2><div class=\"vc_row wpb_row vc_inner vc_row-fluid\"><div class=\"wpb_column vc_column_container vc_col-sm-6\"><div class=\"vc_column-inner\"><div class=\"wpb_wrapper\">\t<div id=\"pencitext_block_20116\" class=\"penci-block-vc penci-text-block \">\n\t\t\t\t<div class=\"penci-block_content\">\n\t\t\t<p style=\"text-align: center;\"><img loading=\"lazy\" decoding=\"async\" class=\"alignnone size-full wp-image-1468\" src=\"https:\/\/www.amedi.sk\/wp-content\/uploads\/2023\/02\/evka_melisova.png\" sizes=\"auto, (max-width: 159px) 100vw, 159px\" srcset=\"https:\/\/www.amedi.sk\/wp-content\/uploads\/2023\/02\/evka_melisova.png 159w, https:\/\/www.amedi.sk\/wp-content\/uploads\/2023\/02\/evka_melisova-150x150.png 150w\" alt=\"\" width=\"159\" height=\"159\" \/><br \/>\nEva Meli\u0161ov\u00e1<br \/>\n<strong>SALES AND MARKETING<\/strong><br \/>\nMobil:<a href=\"tel:0948059239\">\u00a00948 059 239<\/a><br \/>\ne-mail:\u00a0<a href=\"mailto:melisova@amedi.sk\">melisova@amedi.sk<\/a><\/p>\n\t\t<\/div>\n\t<\/div>\n<style>@media only screen and (min-width:768px) and (max-width:1169px){}@media only screen and (max-width:767px){}<\/style><\/div><\/div><\/div><div class=\"wpb_column vc_column_container vc_col-sm-6\"><div class=\"vc_column-inner\"><div class=\"wpb_wrapper\">\t<div id=\"pencitext_block_70081\" class=\"penci-block-vc penci-text-block \">\n\t\t\t\t<div class=\"penci-block_content\">\n\t\t\t<p style=\"text-align: center;\"><img loading=\"lazy\" decoding=\"async\" class=\"alignnone size-full wp-image-2067\" src=\"https:\/\/www.amedi.sk\/wp-content\/uploads\/2024\/09\/danka.png\" alt=\"\" width=\"159\" height=\"159\" srcset=\"https:\/\/www.amedi.sk\/wp-content\/uploads\/2024\/09\/danka.png 159w, https:\/\/www.amedi.sk\/wp-content\/uploads\/2024\/09\/danka-150x150.png 150w\" sizes=\"auto, (max-width: 159px) 100vw, 159px\" \/><br \/>\nIng. Dana Chodasov\u00e1<br \/>\n<strong>SALES AND MARKETING<\/strong><br \/>\nMobil: <a href=\"tel:0948059239\">0904 272 258<\/a><br \/>\ne-mail:\u00a0<a href=\"mailto:chodasova@amedi.sk\">chodasova@amedi.sk<\/a><\/p>\n\t\t<\/div>\n\t<\/div>\n<style>@media only screen and (min-width:768px) and (max-width:1169px){}@media only screen and (max-width:767px){}<\/style><\/div><\/div><\/div><\/div><h3 style=\"color: #00aeef;text-align: center;font-family:Roboto;font-weight:700;font-style:normal\" class=\"vc_custom_heading vc_do_custom_heading vc_custom_1677059818562\" >EKONOMICK\u00c9 ODDELENIE<\/h3><h3 style=\"color: #afcc46;text-align: center;font-family:Roboto;font-weight:500;font-style:normal\" class=\"vc_custom_heading vc_do_custom_heading\" >PREDPLATN\u00c9<\/h3><div class=\"vc_row wpb_row vc_inner vc_row-fluid\"><div class=\"wpb_column vc_column_container vc_col-sm-6\"><div class=\"vc_column-inner\"><div class=\"wpb_wrapper\">\t<div id=\"pencitext_block_47714\" class=\"penci-block-vc penci-text-block \">\n\t\t\t\t<div class=\"penci-block_content\">\n\t\t\t<p style=\"text-align: center;\"><img loading=\"lazy\" decoding=\"async\" class=\"size-full wp-image-1480 aligncenter\" src=\"https:\/\/www.amedi.sk\/wp-content\/uploads\/2023\/02\/steckova_1.png\" sizes=\"auto, (max-width: 159px) 100vw, 159px\" srcset=\"https:\/\/www.amedi.sk\/wp-content\/uploads\/2023\/02\/steckova_1.png 159w, https:\/\/www.amedi.sk\/wp-content\/uploads\/2023\/02\/steckova_1-150x150.png 150w\" alt=\"\" width=\"159\" height=\"159\" \/><br \/>\nIng. M\u00e1ria \u0160teckov\u00e1<br \/>\n<strong>EKON\u00d3MKA<\/strong><br \/>\nMobil:<a href=\"tel:0911117949\">\u00a00911 117 949<\/a><br \/>\ne-mail:\u00a0<a href=\"mailto:ekonom@amedi.sk\">ekonom@amedi.sk<\/a><\/p>\n\t\t<\/div>\n\t<\/div>\n<style>@media only screen and (min-width:768px) and (max-width:1169px){}@media only screen and (max-width:767px){}<\/style><\/div><\/div><\/div><div class=\"wpb_column vc_column_container vc_col-sm-6\"><div class=\"vc_column-inner\"><div class=\"wpb_wrapper\">\t<div id=\"pencitext_block_75080\" class=\"penci-block-vc penci-text-block \">\n\t\t\t\t<div class=\"penci-block_content\">\n\t\t\t<p style=\"text-align: center;\"><img loading=\"lazy\" decoding=\"async\" class=\"alignnone size-full wp-image-1472\" src=\"https:\/\/www.amedi.sk\/wp-content\/uploads\/2023\/02\/karvayova.png\" sizes=\"auto, (max-width: 159px) 100vw, 159px\" srcset=\"https:\/\/www.amedi.sk\/wp-content\/uploads\/2023\/02\/karvayova.png 159w, https:\/\/www.amedi.sk\/wp-content\/uploads\/2023\/02\/karvayova-150x150.png 150w\" alt=\"\" width=\"159\" height=\"159\" \/><br \/>\nIng. Martina \u010eur\u010dovi\u010d<br \/>\n<strong>EKON\u00d3MKA<\/strong><br \/>\nMobil:<a href=\"tel:0911117949\">\u00a00911 117 949<\/a><br \/>\ne-mail: <a href=\"durcovic@amedi.sk\">durcovic@amedi.sk<\/a><\/p>\n\t\t<\/div>\n\t<\/div>\n<style>@media only screen and (min-width:768px) and (max-width:1169px){}@media only screen and (max-width:767px){}<\/style><\/div><\/div><\/div><\/div><h2 style=\"color: #00aeef;text-align: center;font-family:Roboto;font-weight:700;font-style:normal\" class=\"vc_custom_heading vc_do_custom_heading vc_custom_1677060202757\" >MARKETINGOV\u00c9 ODDELENIE<\/h2><h3 style=\"color: #afcc46;text-align: center;font-family:Roboto;font-weight:700;font-style:normal\" class=\"vc_custom_heading vc_do_custom_heading\" >PODUJATIA<\/h3><div class=\"vc_row wpb_row vc_inner vc_row-fluid\"><div class=\"wpb_column vc_column_container vc_col-sm-6\"><div class=\"vc_column-inner\"><div class=\"wpb_wrapper\">\t<div id=\"pencitext_block_28082\" class=\"penci-block-vc penci-text-block \">\n\t\t\t\t<div class=\"penci-block_content\">\n\t\t\t<p style=\"text-align: center;\"><img loading=\"lazy\" decoding=\"async\" class=\"alignnone size-full wp-image-2179\" src=\"https:\/\/www.amedi.sk\/wp-content\/uploads\/2023\/02\/foto_web_adka.png\" alt=\"\" width=\"159\" height=\"159\" \/><\/p>\n<p style=\"text-align: center;\">Adri\u00e1na Kov\u00e1\u010dechov\u00e1<br \/>\n<strong>PROJEKTOV\u00c1 MANA\u017d\u00c9RKA PODUJAT\u00cd<br \/>\nA\u00a0PROJEKTU SPOLU M\u00d4\u017dEME<\/strong><br \/>\nMobil:<a href=\"tel:0910488762\">\u00a00910 488 762<\/a><br \/>\ne-mail:\u00a0<a href=\"mailto:kovacechova@amedi.sk\">kovacechova@amedi.sk<\/a><\/p>\n\t\t<\/div>\n\t<\/div>\n<style>@media only screen and (min-width:768px) and (max-width:1169px){}@media only screen and (max-width:767px){}<\/style><\/div><\/div><\/div><div class=\"wpb_column vc_column_container vc_col-sm-6\"><div class=\"vc_column-inner\"><div class=\"wpb_wrapper\">\t<div id=\"pencitext_block_12853\" class=\"penci-block-vc penci-text-block \">\n\t\t\t\t<div class=\"penci-block_content\">\n\t\t\t<p style=\"text-align: center;\"><img loading=\"lazy\" decoding=\"async\" class=\"alignnone size-full wp-image-2179\" src=\"https:\/\/www.amedi.sk\/wp-content\/uploads\/2025\/04\/hela.png\" alt=\"\" width=\"159\" height=\"159\" srcset=\"https:\/\/www.amedi.sk\/wp-content\/uploads\/2025\/04\/hela.png 159w, https:\/\/www.amedi.sk\/wp-content\/uploads\/2025\/04\/hela-150x150.png 150w\" sizes=\"auto, (max-width: 159px) 100vw, 159px\" \/><\/p>\n<p style=\"text-align: center;\">Mgr. Helena \u010c\u00e1rska<br \/>\n<strong>KOORDIN\u00c1TORKA PODUJAT\u00cd<\/strong><br \/>\nMobil: <a href=\"tel:0911038002\">0911 038 002<\/a><br \/>\ne-mail:\u00a0<a href=\"mailto:carska@amedi.sk\">carska@amedi.sk<\/a><\/p>\n\t\t<\/div>\n\t<\/div>\n<style>@media only screen and (min-width:768px) and (max-width:1169px){}@media only screen and (max-width:767px){}<\/style><\/div><\/div><\/div><\/div><div class=\"vc_row wpb_row vc_inner vc_row-fluid\"><div class=\"wpb_column vc_column_container vc_col-sm-6\"><div class=\"vc_column-inner\"><div class=\"wpb_wrapper\">\t<div id=\"pencitext_block_66538\" class=\"penci-block-vc penci-text-block \">\n\t\t\t\t<div class=\"penci-block_content\">\n\t\t\t<p style=\"text-align: center;\"><img loading=\"lazy\" decoding=\"async\" class=\"alignnone size-full wp-image-2179\" src=\"https:\/\/www.amedi.sk\/wp-content\/uploads\/2026\/02\/javorova.png\" alt=\"\" width=\"159\" height=\"159\" \/><\/p>\n<p style=\"text-align: center;\">Mgr. Andrea Javorov\u00e1<br \/>\n<strong>KOORDIN\u00c1TORKA PODUJAT\u00cd<\/strong><br \/>\nMobil: <a href=\"tel:0904994417\">0904 994 417<\/a><br \/>\ne-mail:\u00a0<a href=\"mailto:javorova@amedi.sk\">javorova@amedi.sk<\/a><\/p>\n\t\t<\/div>\n\t<\/div>\n<style>@media only screen and (min-width:768px) and (max-width:1169px){}@media only screen and (max-width:767px){}<\/style><\/div><\/div><\/div><div class=\"wpb_column vc_column_container vc_col-sm-6\"><div class=\"vc_column-inner\"><div class=\"wpb_wrapper\">\t<div id=\"pencitext_block_27353\" class=\"penci-block-vc penci-text-block \">\n\t\t\t\t<div class=\"penci-block_content\">\n\t\t\t<p style=\"text-align: center;\"><img loading=\"lazy\" decoding=\"async\" class=\"alignnone size-full wp-image-2179\" src=\"https:\/\/www.amedi.sk\/wp-content\/uploads\/2025\/12\/mata.png\" alt=\"\" width=\"159\" height=\"159\" \/><\/p>\n<p style=\"text-align: center;\">Ing. Martina Hlinkov\u00e1<br \/>\n<strong>KOORDIN\u00c1TORKA PODUJAT\u00cd<\/strong><br \/>\nMobil: <a href=\"tel:0910413070\">0910 413 070\u00a0<\/a><br \/>\ne-mail:\u00a0<a href=\"mailto:hlinkova@amedi.sk\">hlinkova@amedi.sk<\/a><\/p>\n\t\t<\/div>\n\t<\/div>\n<style>@media only screen and (min-width:768px) and (max-width:1169px){}@media only screen and (max-width:767px){}<\/style><\/div><\/div><\/div><\/div><div class=\"vc_empty_space\"   style=\"height: 45px\"><span class=\"vc_empty_space_inner\"><\/span><\/div><h2 style=\"color: #00aeef;text-align: center;font-family:Roboto;font-weight:700;font-style:normal\" class=\"vc_custom_heading vc_do_custom_heading vc_custom_1677060777270\" >REDAKCIA<\/h2><div class=\"vc_row wpb_row vc_inner vc_row-fluid\"><div class=\"wpb_column vc_column_container vc_col-sm-4\"><div class=\"vc_column-inner\"><div class=\"wpb_wrapper\">\t<div id=\"pencitext_block_36369\" class=\"penci-block-vc penci-text-block \">\n\t\t\t\t<div class=\"penci-block_content\">\n\t\t\t<p style=\"text-align: center;\"><img loading=\"lazy\" decoding=\"async\" class=\"alignnone size-full wp-image-1479\" src=\"https:\/\/www.amedi.sk\/wp-content\/uploads\/2023\/02\/stachova_2.png\" sizes=\"auto, (max-width: 159px) 100vw, 159px\" srcset=\"https:\/\/www.amedi.sk\/wp-content\/uploads\/2023\/02\/stachova_2.png 159w, https:\/\/www.amedi.sk\/wp-content\/uploads\/2023\/02\/stachova_2-150x150.png 150w\" alt=\"\" width=\"159\" height=\"159\" \/><br \/>\nEva Stachov\u00e1<br \/>\n<strong>REDAKTORKA<\/strong><br \/>\n<strong>PED \u2022 NEURO \u2022 IM<\/strong><br \/>\nMobil:<a href=\"tel:0918374815\">\u00a00918 374 815<\/a><br \/>\ne-mail:\u00a0<a href=\"mailto:stachova@amedi.sk\">stachova@amedi.sk<\/a><\/p>\n\t\t<\/div>\n\t<\/div>\n<style>@media only screen and (min-width:768px) and (max-width:1169px){}@media only screen and (max-width:767px){}<\/style><\/div><\/div><\/div><div class=\"wpb_column vc_column_container vc_col-sm-4\"><div class=\"vc_column-inner\"><div class=\"wpb_wrapper\">\t<div id=\"pencitext_block_79598\" class=\"penci-block-vc penci-text-block \">\n\t\t\t\t<div class=\"penci-block_content\">\n\t\t\t<p style=\"text-align: center;\"><img loading=\"lazy\" decoding=\"async\" class=\"alignnone size-full wp-image-2249\" src=\"https:\/\/www.amedi.sk\/wp-content\/uploads\/2026\/01\/paukeje.jpg\" alt=\"\" width=\"159\" height=\"159\" srcset=\"https:\/\/www.amedi.sk\/wp-content\/uploads\/2026\/01\/paukeje.jpg 159w, https:\/\/www.amedi.sk\/wp-content\/uploads\/2026\/01\/paukeje-150x150.jpg 150w\" sizes=\"auto, (max-width: 159px) 100vw, 159px\" \/><br \/>\nMgr.Katar\u00edna Paukeje<br \/>\n<strong>REDAKTORKA <\/strong><br \/>\n<strong>URO \u2022 GYN \u2022 GAS \u2022 KAR \u2022 GYN-P\u00d4R<\/strong><br \/>\nMobil: <a href=\"tel:0903778670\">0903 778 670\u00a0<\/a><br \/>\ne-mail:\u00a0<a href=\"mailto:paukeje@amedi.sk\">paukeje@amedi.sk<\/a><\/p>\n\t\t<\/div>\n\t<\/div>\n<style>@media only screen and (min-width:768px) and (max-width:1169px){}@media only screen and (max-width:767px){}<\/style><\/div><\/div><\/div><div class=\"wpb_column vc_column_container vc_col-sm-4\"><div class=\"vc_column-inner\"><div class=\"wpb_wrapper\">\t<div id=\"pencitext_block_98468\" class=\"penci-block-vc penci-text-block \">\n\t\t\t\t<div class=\"penci-block_content\">\n\t\t\t<p style=\"text-align: center;\"><img loading=\"lazy\" decoding=\"async\" class=\"alignnone size-full wp-image-2103\" src=\"https:\/\/www.amedi.sk\/wp-content\/uploads\/2024\/11\/maria.png\" alt=\"\" width=\"159\" height=\"159\" srcset=\"https:\/\/www.amedi.sk\/wp-content\/uploads\/2024\/11\/maria.png 159w, https:\/\/www.amedi.sk\/wp-content\/uploads\/2024\/11\/maria-150x150.png 150w\" sizes=\"auto, (max-width: 159px) 100vw, 159px\" \/><br \/>\nMgr. M\u00e1ria Ok\u00e1lov\u00e1<br \/>\n<strong>REDAKTORKA <\/strong><br \/>\n<strong>VL \u2022 OFT A KOORDIN\u00c1TORKA PODUJAT\u00cd<\/strong><br \/>\nMobil: <a href=\"tel:0902034671\">0902 034 671\u00a0<\/a><br \/>\ne-mail:\u00a0<a href=\"mailto:okalova@amedi.sk\">okalova@amedi.sk<\/a><\/p>\n\t\t<\/div>\n\t<\/div>\n<style>@media only screen and (min-width:768px) and (max-width:1169px){}@media only screen and (max-width:767px){}<\/style><\/div><\/div><\/div><\/div><h2 style=\"color: #00aeef;text-align: center;font-family:Roboto;font-weight:700;font-style:normal\" class=\"vc_custom_heading vc_do_custom_heading vc_custom_1677061005168\" >GRAFICK\u00c9 ODDELENIE<\/h2><div class=\"vc_row wpb_row vc_inner vc_row-fluid\"><div class=\"wpb_column vc_column_container vc_col-sm-4\"><div class=\"vc_column-inner\"><div class=\"wpb_wrapper\">\t<div id=\"pencitext_block_4391\" class=\"penci-block-vc penci-text-block \">\n\t\t\t\t<div class=\"penci-block_content\">\n\t\t\t<p style=\"text-align: center;\"><img loading=\"lazy\" decoding=\"async\" class=\"alignnone size-full wp-image-1475\" src=\"https:\/\/www.amedi.sk\/wp-content\/uploads\/2023\/02\/moziova_2.png\" alt=\"\" width=\"159\" height=\"159\" srcset=\"https:\/\/www.amedi.sk\/wp-content\/uploads\/2023\/02\/moziova_2.png 159w, https:\/\/www.amedi.sk\/wp-content\/uploads\/2023\/02\/moziova_2-150x150.png 150w\" sizes=\"auto, (max-width: 159px) 100vw, 159px\" \/><br \/>\nVeronika M\u00f3\u017eiov\u00e1<br \/>\n<strong>GRAFI\u010cKA<\/strong><br \/>\ne-mail:\u00a0<a href=\"mailto:dtp3@amedi.sk\">dtp3@amedi.sk<\/a><\/p>\n\t\t<\/div>\n\t<\/div>\n<style>@media only screen and (min-width:768px) and (max-width:1169px){}@media only screen and (max-width:767px){}<\/style><\/div><\/div><\/div><div class=\"wpb_column vc_column_container vc_col-sm-4\"><div class=\"vc_column-inner\"><div class=\"wpb_wrapper\">\t<div id=\"pencitext_block_67291\" class=\"penci-block-vc penci-text-block \">\n\t\t\t\t<div class=\"penci-block_content\">\n\t\t\t<p style=\"text-align: center;\"><img loading=\"lazy\" decoding=\"async\" class=\"alignnone wp-image-1473\" src=\"https:\/\/www.amedi.sk\/wp-content\/uploads\/2023\/02\/luky.png\" alt=\"\" width=\"159\" height=\"159\" srcset=\"https:\/\/www.amedi.sk\/wp-content\/uploads\/2023\/02\/luky.png 300w, https:\/\/www.amedi.sk\/wp-content\/uploads\/2023\/02\/luky-150x150.png 150w\" sizes=\"auto, (max-width: 159px) 100vw, 159px\" \/><br \/>\nIng. Lukr\u00e9cia Schiller<br \/>\n<strong>GRAFI\u010cKA<\/strong><br \/>\ne-mail:\u00a0<a href=\"mailto:dtp@amedi.sk\">dtp@amedi.sk<\/a><\/p>\n\t\t<\/div>\n\t<\/div>\n<style>@media only screen and (min-width:768px) and (max-width:1169px){}@media only screen and (max-width:767px){}<\/style><\/div><\/div><\/div><div class=\"wpb_column vc_column_container vc_col-sm-4\"><div class=\"vc_column-inner\"><div class=\"wpb_wrapper\">\t<div id=\"pencitext_block_95528\" class=\"penci-block-vc penci-text-block \">\n\t\t\t\t<div class=\"penci-block_content\">\n\t\t\t<p style=\"text-align: center;\"><img loading=\"lazy\" decoding=\"async\" class=\"alignnone wp-image-2264\" src=\"https:\/\/www.amedi.sk\/wp-content\/uploads\/2026\/02\/Gorgo-web-1.png\" alt=\"\" width=\"159\" height=\"159\" srcset=\"https:\/\/www.amedi.sk\/wp-content\/uploads\/2026\/02\/Gorgo-web-1.png 300w, https:\/\/www.amedi.sk\/wp-content\/uploads\/2026\/02\/Gorgo-web-1-150x150.png 150w\" sizes=\"auto, (max-width: 159px) 100vw, 159px\" \/><br \/>\nJuraj Havl\u00edk<br \/>\n<strong>GRAFIK<\/strong><br \/>\ne-mail:\u00a0<a href=\"mailto:dtp7@amedi.sk\">dtp7@amedi.sk<\/a><\/p>\n\t\t<\/div>\n\t<\/div>\n<style>@media only screen and (min-width:768px) and (max-width:1169px){}@media only screen and (max-width:767px){}<\/style><\/div><\/div><\/div><\/div><h2 style=\"color: #00aeef;text-align: center;font-family:Roboto;font-weight:700;font-style:normal\" class=\"vc_custom_heading vc_do_custom_heading vc_custom_1677061044374\" >V\u0160EOBECN\u00c9 INFORM\u00c1CIE V\u00c1M POSKYTNEME NA<\/h2>\t<div id=\"pencitext_block_8236\" class=\"penci-block-vc penci-text-block \">\n\t\t\t\t<div class=\"penci-block_content\">\n\t\t\t<h5 style=\"text-align: center;\"><strong>A-medi management, s.r.o.<\/strong><\/h5>\n<p style=\"text-align: center;\">S\u00eddlo spolo\u010dnosti:<br \/>\n<strong>Jaro\u0161ova 1, 831 03 Bratislava<br \/>\nE-mail: amedi@amedi.sk<\/strong><\/p>\n\t\t<\/div>\n\t<\/div>\n<style>@media only screen and (min-width:768px) and (max-width:1169px){}@media only screen and (max-width:767px){}<\/style><div class=\"wpb_gmaps_widget wpb_content_element\"><div class=\"wpb_wrapper\"><div class=\"wpb_map_wraper\"><iframe src=\"https:\/\/www.google.com\/maps\/embed?pb=!1m18!1m12!1m3!1d2660.96343612934!2d17.127326415835437!3d48.16878595696546!2m3!1f0!2f0!3f0!3m2!1i1024!2i768!4f13.1!3m3!1m2!1s0x476c8eba06681b3b%3A0xb3e2affa128077c7!2sJaro%C5%A1ova%202961%2F1%2C%20831%2003%20Bratislava%2C%20Slovensko!5e0!3m2!1ssk!2sfr!4v1677062342077!5m2!1ssk!2sfr\" width=\"800\" height=\"360\" style=\"border:0;\" allowfullscreen=\"\" loading=\"lazy\" referrerpolicy=\"no-referrer-when-downgrade\"><\/iframe><\/div><\/div><\/div><\/div><\/div><\/div><\/div>\n<\/div>","protected":false},"excerpt":{"rendered":"VEDENIE SPOLO\u010cNOSTI Ing. Helena \u0160urinov\u00e1 RIADITE\u013dKA SPOLO\u010cNOSTI Mobil:\u00a00910 230 209 e-mail:\u00a0surinova@amedi.sk OBCHODN\u00c9 ODDELENIE Eva Meli\u0161ov\u00e1&hellip;","protected":false},"author":40176,"featured_media":0,"parent":0,"menu_order":0,"comment_status":"closed","ping_status":"closed","template":"page-penci-full-width.php","meta":{"_lmt_disableupdate":"no","_lmt_disable":"","footnotes":""},"class_list":["post-74","page","type-page","status-publish","hentry"],"_links":{"self":[{"href":"https:\/\/www.amedi.sk\/index.php?rest_route=\/wp\/v2\/pages\/74","targetHints":{"allow":["GET"]}}],"collection":[{"href":"https:\/\/www.amedi.sk\/index.php?rest_route=\/wp\/v2\/pages"}],"about":[{"href":"https:\/\/www.amedi.sk\/index.php?rest_route=\/wp\/v2\/types\/page"}],"author":[{"embeddable":true,"href":"https:\/\/www.amedi.sk\/index.php?rest_route=\/wp\/v2\/users\/40176"}],"replies":[{"embeddable":true,"href":"https:\/\/www.amedi.sk\/index.php?rest_route=%2Fwp%2Fv2%2Fcomments&post=74"}],"version-history":[{"count":96,"href":"https:\/\/www.amedi.sk\/index.php?rest_route=\/wp\/v2\/pages\/74\/revisions"}],"predecessor-version":[{"id":2274,"href":"https:\/\/www.amedi.sk\/index.php?rest_route=\/wp\/v2\/pages\/74\/revisions\/2274"}],"wp:attachment":[{"href":"https:\/\/www.amedi.sk\/index.php?rest_route=%2Fwp%2Fv2%2Fmedia&parent=74"}],"curies":[{"name":"wp","href":"https:\/\/api.w.org\/{rel}","templated":true}]}}